{"id":7989,"date":"2023-12-14T00:07:00","date_gmt":"2023-12-13T23:07:00","guid":{"rendered":"https:\/\/wp.rinconeducativo.org\/?page_id=7989"},"modified":"2026-03-24T14:33:09","modified_gmt":"2026-03-24T13:33:09","slug":"listado-de-masteres","status":"publish","type":"page","link":"https:\/\/rinconeducativo.org\/es\/listado-de-masteres\/","title":{"rendered":"M\u00e1steres relacionados con el \u00e1mbito nuclear"},"content":{"rendered":"\n<p>Si crees que tu futuro est\u00e1 en el sector energ\u00e9tico y las tecnolog\u00edas asociadas al campo nuclear, echa un vistazo a este listado de m\u00e1steres:<\/p>\n\n\n\n<ul class=\"wp-block-list\">\n<li><a href=\"https:\/\/www.em-master-fusion.org\/\">European Master of Science in Nuclear Fusion and Engineering Physics (FUSION-EP)<\/a> (Varias universidades europeas)<\/li>\n\n\n\n<li><a href=\"https:\/\/www.emm-nucphys.eu\/\">Erasmus Mundus Joint Master Degree on Nuclear Physics<\/a> (Varias universidades europeas)<\/li>\n\n\n\n<li><a href=\"https:\/\/www.imt-atlantique.fr\/en\/study\/masters\/emjmd\/sarena\">Erasmus Mundus Joint Master Degree SARENA (Safe and Reliable Nuclear Applications)<\/a> (Varias universidades europeas)<\/li>\n\n\n\n<li><a href=\"https:\/\/apply.innoenergy.com\/courses\/course\/31-european-masters-nuclear-energy\">European Master's in Nuclear Energy (EMINE)<\/a> (Varias universidades europeas)<\/li>\n\n\n\n<li><a href=\"https:\/\/www.ehu.eus\/es\/web\/master\/master-ingenieria-energetica-sostenible\">M\u00e1ster en Ingenier\u00eda Energ\u00e9tica Sostenible<\/a> (Universidad del Pa\u00eds Vasco)<\/li>\n\n\n\n<li><a href=\"https:\/\/www.ehu.eus\/es\/web\/master\/master-ingenieria-industrial\">M\u00e1ster en Ingenier\u00eda Industrial (Especialidad en Ingenier\u00eda Nuclear y Radiol\u00f3gica)<\/a> (Universidad del Pa\u00eds Vasco)<\/li>\n\n\n\n<li><a href=\"https:\/\/www.cfp.upv.es\/formacion-permanente\/curso\/master-formacion-permanente-proteccion-radiologica-instalaciones-radiactivas-nucleares_101366.html\">M\u00e1ster en Formaci\u00f3n Permanente en Protecci\u00f3n Radiol\u00f3gica en Instalaciones Radiactivas y Nucleares<\/a> (Universidad Polit\u00e9cnica de Valencia)<\/li>\n\n\n\n<li><a href=\"https:\/\/master.us.es\/fisicanuclear\/index.php\/es\/\">M\u00e1ster Interuniversitario en F\u00edsica Nuclear<\/a> (Varias universidades)<\/li>\n\n\n\n<li><a href=\"https:\/\/nuclearengineering.masters.upc.edu\/es\">Master\u2019s Degree in Nuclear Engineering (MNE)<\/a> (Universidad Polit\u00e9cnica de Catalu\u00f1a)<\/li>\n\n\n\n<li><a href=\"https:\/\/www.industriales.upm.es\/docencia\/master-en-ingenieria-de-la-energia\/\">M\u00e1ster Universitario de Ingenier\u00eda de la Energ\u00eda<\/a> (Universidad Polit\u00e9cnica de Madrid)<\/li>\n\n\n\n<li><a href=\"https:\/\/www.industriales.upm.es\/docencia\/master-en-ciencia-y-tecnologia-nuclear\/\">M\u00e1ster Universitario en Ciencia y Tecnolog\u00eda Nuclear (MCTN)<\/a> (Universidad Polit\u00e9cnica de Madrid)<\/li>\n\n\n\n<li><a href=\"https:\/\/masteres.ugr.es\/fisica\/informacion\/\">M\u00e1ster Universitario en F\u00edsica: Radiaciones, Nanotecnolog\u00eda, Part\u00edculas y Astrof\u00edsica<\/a> (Universidad de Granada)<\/li>\n\n\n\n<li><a href=\"https:\/\/www.uned.es\/universidad\/inicio\/estudios\/masteres\/master-universitario-en-ingenieria-industrial.html?idContenido=1\">M\u00e1ster Universitario en Ingenier\u00eda Industrial<\/a> (Universidad Nacional de Educaci\u00f3n a Distancia)<\/li>\n\n\n\n<li><a href=\"https:\/\/www.industriales.upm.es\/docencia\/master-habilitante-en-ingenieria-industrial\/\">M\u00e1ster Universitario en Ingenier\u00eda Industrial<\/a> (Universidad Polit\u00e9cnica de Madrid)<\/li>\n\n\n\n<li><a href=\"https:\/\/www.upv.es\/estudios\/master\/muii\/\">M\u00e1ster Universitario en Ingenier\u00eda Industrial. Especialidad en Generaci\u00f3n de Energ\u00eda<\/a> (Universidad Polit\u00e9cnica de Valencia)<\/li>\n\n\n\n<li><a href=\"https:\/\/www.uned.es\/universidad\/inicio\/estudios\/masteres\/master-universitario-en-investigacion-en-tecnologias-industriales.html?idContenido=1\">M\u00e1ster Universitario en Investigaci\u00f3n en Tecnolog\u00edas Industriales<\/a> (Universidad Nacional de Educaci\u00f3n a Distancia)<\/li>\n\n\n\n<li><a href=\"https:\/\/www.upv.es\/estudios\/master\/musepra\/\">M\u00e1ster Universitario en Seguridad Nuclear y Protecci\u00f3n Radiol\u00f3gica<\/a> (Universidad Polit\u00e9cnica de Valencia)<\/li>\n\n\n\n<li><a href=\"https:\/\/www.upv.es\/estudios\/master\/muteds\/\">M\u00e1ster Universitario en Tecnolog\u00eda Energ\u00e9tica para el Desarrollo Sostenible<\/a> (Universidad Polit\u00e9cnica de Valencia)<\/li>\n<\/ul>\n\n\n\n<div style=\"height:35px\" aria-hidden=\"true\" class=\"wp-block-spacer\"><\/div>\n\n\n<div class=\"wp-block-image\">\n<figure class=\"aligncenter size-full is-resized\"><img loading=\"lazy\" decoding=\"async\" width=\"1200\" height=\"670\" src=\"https:\/\/rinconeducativo.org\/wp-content\/uploads\/2026\/03\/Catalogo-de-Masteres_2026.png\" alt=\"Cat\u00e1logo de M\u00e1steres\" class=\"wp-image-40997\" style=\"aspect-ratio:1.7910918407567993;width:618px;height:auto\" srcset=\"https:\/\/rinconeducativo.org\/wp-content\/uploads\/2026\/03\/Catalogo-de-Masteres_2026.png 1200w, https:\/\/rinconeducativo.org\/wp-content\/uploads\/2026\/03\/Catalogo-de-Masteres_2026-500x279.png 500w, https:\/\/rinconeducativo.org\/wp-content\/uploads\/2026\/03\/Catalogo-de-Masteres_2026-768x429.png 768w\" sizes=\"auto, (max-width: 1200px) 100vw, 1200px\" \/><\/figure>\n<\/div>","protected":false},"excerpt":{"rendered":"<p>Si crees que tu futuro est\u00e1 en el sector energ\u00e9tico y las tecnolog\u00edas asociadas al campo nuclear, echa un vistazo a este listado de m\u00e1steres:<\/p>\n","protected":false},"author":1088,"featured_media":40997,"parent":0,"menu_order":0,"comment_status":"closed","ping_status":"closed","template":"","meta":{"_acf_changed":false,"footnotes":""},"idioma":[],"class_list":["post-7989","page","type-page","status-publish","has-post-thumbnail","hentry"],"acf":[],"yoast_head":"<!-- This site is optimized with the Yoast SEO plugin v26.8 - https:\/\/yoast.com\/product\/yoast-seo-wordpress\/ -->\n<title>M\u00e1steres relacionados con el \u00e1mbito nuclear - Rinc\u00f3n educativo<\/title>\n<meta name=\"robots\" content=\"index, follow, max-snippet:-1, max-image-preview:large, max-video-preview:-1\" \/>\n<link rel=\"canonical\" href=\"https:\/\/rinconeducativo.org\/es\/listado-de-masteres\/\" \/>\n<meta property=\"og:locale\" content=\"es_ES\" \/>\n<meta property=\"og:type\" content=\"article\" \/>\n<meta property=\"og:title\" content=\"M\u00e1steres relacionados con el \u00e1mbito nuclear - Rinc\u00f3n educativo\" \/>\n<meta property=\"og:description\" content=\"Si crees que tu futuro est\u00e1 en el sector energ\u00e9tico y las tecnolog\u00edas asociadas al campo nuclear, echa un vistazo a este listado de m\u00e1steres:\" \/>\n<meta property=\"og:url\" content=\"https:\/\/rinconeducativo.org\/es\/listado-de-masteres\/\" \/>\n<meta property=\"og:site_name\" content=\"Rinc\u00f3n educativo\" \/>\n<meta property=\"article:modified_time\" content=\"2026-03-24T13:33:09+00:00\" \/>\n<meta property=\"og:image\" content=\"https:\/\/rinconeducativo.org\/wp-content\/uploads\/2026\/03\/Catalogo-de-Masteres_2026.png\" \/>\n\t<meta property=\"og:image:width\" content=\"1200\" \/>\n\t<meta property=\"og:image:height\" content=\"670\" \/>\n\t<meta property=\"og:image:type\" content=\"image\/png\" \/>\n<meta name=\"twitter:card\" content=\"summary_large_image\" \/>\n<script type=\"application\/ld+json\" class=\"yoast-schema-graph\">{\"@context\":\"https:\/\/schema.org\",\"@graph\":[{\"@type\":\"WebPage\",\"@id\":\"https:\/\/rinconeducativo.org\/es\/listado-de-masteres\/\",\"url\":\"https:\/\/rinconeducativo.org\/es\/listado-de-masteres\/\",\"name\":\"M\u00e1steres relacionados con el \u00e1mbito nuclear - Rinc\u00f3n educativo\",\"isPartOf\":{\"@id\":\"https:\/\/rinconeducativo.org\/es\/#website\"},\"primaryImageOfPage\":{\"@id\":\"https:\/\/rinconeducativo.org\/es\/listado-de-masteres\/#primaryimage\"},\"image\":{\"@id\":\"https:\/\/rinconeducativo.org\/es\/listado-de-masteres\/#primaryimage\"},\"thumbnailUrl\":\"https:\/\/rinconeducativo.org\/wp-content\/uploads\/2026\/03\/Catalogo-de-Masteres_2026.png\",\"datePublished\":\"2023-12-13T23:07:00+00:00\",\"dateModified\":\"2026-03-24T13:33:09+00:00\",\"breadcrumb\":{\"@id\":\"https:\/\/rinconeducativo.org\/es\/listado-de-masteres\/#breadcrumb\"},\"inLanguage\":\"es\",\"potentialAction\":[{\"@type\":\"ReadAction\",\"target\":[\"https:\/\/rinconeducativo.org\/es\/listado-de-masteres\/\"]}]},{\"@type\":\"ImageObject\",\"inLanguage\":\"es\",\"@id\":\"https:\/\/rinconeducativo.org\/es\/listado-de-masteres\/#primaryimage\",\"url\":\"https:\/\/rinconeducativo.org\/wp-content\/uploads\/2026\/03\/Catalogo-de-Masteres_2026.png\",\"contentUrl\":\"https:\/\/rinconeducativo.org\/wp-content\/uploads\/2026\/03\/Catalogo-de-Masteres_2026.png\",\"width\":1200,\"height\":670,\"caption\":\"Cat\u00e1logo de M\u00e1steres\"},{\"@type\":\"BreadcrumbList\",\"@id\":\"https:\/\/rinconeducativo.org\/es\/listado-de-masteres\/#breadcrumb\",\"itemListElement\":[{\"@type\":\"ListItem\",\"position\":1,\"name\":\"Portada\",\"item\":\"https:\/\/rinconeducativo.org\/es\/\"},{\"@type\":\"ListItem\",\"position\":2,\"name\":\"M\u00e1steres relacionados con el \u00e1mbito nuclear\"}]},{\"@type\":\"WebSite\",\"@id\":\"https:\/\/rinconeducativo.org\/es\/#website\",\"url\":\"https:\/\/rinconeducativo.org\/es\/\",\"name\":\"Rinc\u00f3n educativo\",\"description\":\"Un proyecto del Foro Nuclear\",\"potentialAction\":[{\"@type\":\"SearchAction\",\"target\":{\"@type\":\"EntryPoint\",\"urlTemplate\":\"https:\/\/rinconeducativo.org\/es\/?s={search_term_string}\"},\"query-input\":{\"@type\":\"PropertyValueSpecification\",\"valueRequired\":true,\"valueName\":\"search_term_string\"}}],\"inLanguage\":\"es\"}]}<\/script>\n<!-- \/ Yoast SEO plugin. -->","yoast_head_json":{"title":"M\u00e1steres relacionados con el \u00e1mbito nuclear - Rinc\u00f3n educativo","robots":{"index":"index","follow":"follow","max-snippet":"max-snippet:-1","max-image-preview":"max-image-preview:large","max-video-preview":"max-video-preview:-1"},"canonical":"https:\/\/rinconeducativo.org\/es\/listado-de-masteres\/","og_locale":"es_ES","og_type":"article","og_title":"M\u00e1steres relacionados con el \u00e1mbito nuclear - Rinc\u00f3n educativo","og_description":"Si crees que tu futuro est\u00e1 en el sector energ\u00e9tico y las tecnolog\u00edas asociadas al campo nuclear, echa un vistazo a este listado de m\u00e1steres:","og_url":"https:\/\/rinconeducativo.org\/es\/listado-de-masteres\/","og_site_name":"Rinc\u00f3n educativo","article_modified_time":"2026-03-24T13:33:09+00:00","og_image":[{"width":1200,"height":670,"url":"https:\/\/rinconeducativo.org\/wp-content\/uploads\/2026\/03\/Catalogo-de-Masteres_2026.png","type":"image\/png"}],"twitter_card":"summary_large_image","schema":{"@context":"https:\/\/schema.org","@graph":[{"@type":"WebPage","@id":"https:\/\/rinconeducativo.org\/es\/listado-de-masteres\/","url":"https:\/\/rinconeducativo.org\/es\/listado-de-masteres\/","name":"M\u00e1steres relacionados con el \u00e1mbito nuclear - Rinc\u00f3n educativo","isPartOf":{"@id":"https:\/\/rinconeducativo.org\/es\/#website"},"primaryImageOfPage":{"@id":"https:\/\/rinconeducativo.org\/es\/listado-de-masteres\/#primaryimage"},"image":{"@id":"https:\/\/rinconeducativo.org\/es\/listado-de-masteres\/#primaryimage"},"thumbnailUrl":"https:\/\/rinconeducativo.org\/wp-content\/uploads\/2026\/03\/Catalogo-de-Masteres_2026.png","datePublished":"2023-12-13T23:07:00+00:00","dateModified":"2026-03-24T13:33:09+00:00","breadcrumb":{"@id":"https:\/\/rinconeducativo.org\/es\/listado-de-masteres\/#breadcrumb"},"inLanguage":"es","potentialAction":[{"@type":"ReadAction","target":["https:\/\/rinconeducativo.org\/es\/listado-de-masteres\/"]}]},{"@type":"ImageObject","inLanguage":"es","@id":"https:\/\/rinconeducativo.org\/es\/listado-de-masteres\/#primaryimage","url":"https:\/\/rinconeducativo.org\/wp-content\/uploads\/2026\/03\/Catalogo-de-Masteres_2026.png","contentUrl":"https:\/\/rinconeducativo.org\/wp-content\/uploads\/2026\/03\/Catalogo-de-Masteres_2026.png","width":1200,"height":670,"caption":"Cat\u00e1logo de M\u00e1steres"},{"@type":"BreadcrumbList","@id":"https:\/\/rinconeducativo.org\/es\/listado-de-masteres\/#breadcrumb","itemListElement":[{"@type":"ListItem","position":1,"name":"Portada","item":"https:\/\/rinconeducativo.org\/es\/"},{"@type":"ListItem","position":2,"name":"M\u00e1steres relacionados con el \u00e1mbito nuclear"}]},{"@type":"WebSite","@id":"https:\/\/rinconeducativo.org\/es\/#website","url":"https:\/\/rinconeducativo.org\/es\/","name":"Rinc\u00f3n educativo","description":"Un proyecto del Foro Nuclear","potentialAction":[{"@type":"SearchAction","target":{"@type":"EntryPoint","urlTemplate":"https:\/\/rinconeducativo.org\/es\/?s={search_term_string}"},"query-input":{"@type":"PropertyValueSpecification","valueRequired":true,"valueName":"search_term_string"}}],"inLanguage":"es"}]}},"_links":{"self":[{"href":"https:\/\/rinconeducativo.org\/es\/wp-json\/wp\/v2\/pages\/7989","targetHints":{"allow":["GET"]}}],"collection":[{"href":"https:\/\/rinconeducativo.org\/es\/wp-json\/wp\/v2\/pages"}],"about":[{"href":"https:\/\/rinconeducativo.org\/es\/wp-json\/wp\/v2\/types\/page"}],"author":[{"embeddable":true,"href":"https:\/\/rinconeducativo.org\/es\/wp-json\/wp\/v2\/users\/1088"}],"replies":[{"embeddable":true,"href":"https:\/\/rinconeducativo.org\/es\/wp-json\/wp\/v2\/comments?post=7989"}],"version-history":[{"count":36,"href":"https:\/\/rinconeducativo.org\/es\/wp-json\/wp\/v2\/pages\/7989\/revisions"}],"predecessor-version":[{"id":41011,"href":"https:\/\/rinconeducativo.org\/es\/wp-json\/wp\/v2\/pages\/7989\/revisions\/41011"}],"wp:featuredmedia":[{"embeddable":true,"href":"https:\/\/rinconeducativo.org\/es\/wp-json\/wp\/v2\/media\/40997"}],"wp:attachment":[{"href":"https:\/\/rinconeducativo.org\/es\/wp-json\/wp\/v2\/media?parent=7989"}],"wp:term":[{"taxonomy":"idioma","embeddable":true,"href":"https:\/\/rinconeducativo.org\/es\/wp-json\/wp\/v2\/idioma?post=7989"}],"curies":[{"name":"wp","href":"https:\/\/api.w.org\/{rel}","templated":true}]}}