{"id":7981,"date":"2018-01-14T22:37:23","date_gmt":"2018-01-14T22:37:23","guid":{"rendered":"https:\/\/wp.rinconeducativo.org\/?page_id=7981"},"modified":"2018-01-14T22:37:23","modified_gmt":"2018-01-14T22:37:23","slug":"cookies","status":"publish","type":"page","link":"https:\/\/rinconeducativo.org\/es\/cookies\/","title":{"rendered":"Cookies"},"content":{"rendered":"<p style=\"box-sizing: border-box; margin-top: 0px; margin-bottom: 35px; text-align: justify; color: rgb(81, 81, 81); font-family: Montserrat, sans-serif; font-size: 18px;\"><span style=\"box-sizing: border-box; font-weight: bolder; color: rgb(0, 0, 0);\"><em style=\"box-sizing: border-box;\">Cookie<\/em>&nbsp;es un fichero que se descarga en tu ordenador al acceder a determinadas p\u00e1ginas web.<\/span>&nbsp;Las<em style=\"box-sizing: border-box;\">&nbsp;cookies<\/em>&nbsp;permiten a una p\u00e1gina web, entre otras cosas, almacenar y recuperar informaci\u00f3n sobre los h\u00e1bitos de navegaci\u00f3n de un usuario o del equipo y, dependiendo de la informaci\u00f3n que contengan y de la forma en que utilices tu equipo, pueden emplearse para reconocer al usuario.<\/p>\n<p style=\"box-sizing: border-box; margin-top: 0px; margin-bottom: 35px; text-align: justify; color: rgb(81, 81, 81); font-family: Montserrat, sans-serif; font-size: 18px;\">El navegador del usuario memoriza&nbsp;<em style=\"box-sizing: border-box;\">cookies<\/em>&nbsp;en el disco duro solamente durante la sesi\u00f3n actual ocupando un espacio de memoria m\u00ednimo y no perjudicando al ordenador. Las&nbsp;<em style=\"box-sizing: border-box;\">cookies<\/em>&nbsp;no contienen ninguna clase de informaci\u00f3n personal espec\u00edfica y la mayor\u00eda de las mismas se borran del disco duro al finalizar la sesi\u00f3n del navegador&nbsp;<em style=\"box-sizing: border-box;\">(las denominadas cookies de sesi\u00f3n)<\/em>.<\/p>\n<p style=\"box-sizing: border-box; margin-top: 0px; margin-bottom: 35px; text-align: justify; color: rgb(81, 81, 81); font-family: Montserrat, sans-serif; font-size: 18px;\">Navegar por el sitio web de&nbsp;<span style=\"box-sizing: border-box; font-weight: bolder; color: rgb(0, 0, 0);\">Foro Nuclear<\/span>&nbsp;supone que se puedan instalar los siguientes tipos de&nbsp;<em style=\"box-sizing: border-box;\">cookies<\/em>:<\/p>\n<div class=\"table-responsive\" style=\"box-sizing: border-box; width: 833px; overflow-x: auto; margin-bottom: 35px; color: rgb(33, 37, 41); font-family: Montserrat, sans-serif; font-size: 18px;\">\n<table class=\"table\" style=\"border-collapse: collapse; width: 832.667px; margin-bottom: 1rem; border-bottom: 1px solid rgb(183, 183, 183);\">\n<tbody style=\"box-sizing: border-box;\">\n<tr style=\"box-sizing: border-box;\">\n<th style=\"box-sizing: border-box; padding: 1.25em 0.75rem 1.25em 0px; vertical-align: top; border-top: 0px; color: rgb(117, 188, 33); font-weight: normal; font-size: 14px; line-height: 1.6em; border-bottom: 1px solid rgb(183, 183, 183);\">Tipo de cookie<\/th>\n<th style=\"box-sizing: border-box; padding: 1.25em 0.75rem 1.25em 0px; vertical-align: top; border-top: 0px; color: rgb(117, 188, 33); font-weight: normal; font-size: 14px; line-height: 1.6em; border-bottom: 1px solid rgb(183, 183, 183);\">Nombre de la cookie<\/th>\n<th style=\"box-sizing: border-box; padding: 1.25em 0.75rem 1.25em 0px; vertical-align: top; border-top: 0px; color: rgb(117, 188, 33); font-weight: normal; font-size: 14px; line-height: 1.6em; border-bottom: 1px solid rgb(183, 183, 183);\">Descripci\u00f3n<\/th>\n<th style=\"box-sizing: border-box; padding: 1.25em 0.75rem 1.25em 0px; vertical-align: top; border-top: 0px; color: rgb(117, 188, 33); font-weight: normal; font-size: 14px; line-height: 1.6em; border-bottom: 1px solid rgb(183, 183, 183);\">Uso<\/th>\n<\/tr>\n<tr style=\"box-sizing: border-box;\">\n<td style=\"box-sizing: border-box; padding: 1.25em 0.75rem 1.25em 0px; vertical-align: top; border-top: 1px solid rgb(222, 226, 230); color: rgb(0, 0, 0); font-size: 14px; line-height: 1.6em; border-bottom: 1px solid rgb(183, 183, 183);\">NECESARIA<\/td>\n<td style=\"box-sizing: border-box; padding: 1.25em 0.75rem 1.25em 0px; vertical-align: top; border-top: 1px solid rgb(222, 226, 230); color: rgb(0, 0, 0); font-size: 14px; line-height: 1.6em; border-bottom: 1px solid rgb(183, 183, 183);\">cookie-agreed<\/td>\n<td style=\"box-sizing: border-box; padding: 1.25em 0.75rem 1.25em 0px; vertical-align: top; border-top: 1px solid rgb(222, 226, 230); color: rgb(0, 0, 0); font-size: 14px; line-height: 1.6em; border-bottom: 1px solid rgb(183, 183, 183);\">Almacena el estado de consentimiento de cookies del usuario para el dominio actual.<\/td>\n<td style=\"box-sizing: border-box; padding: 1.25em 0.75rem 1.25em 0px; vertical-align: top; border-top: 1px solid rgb(222, 226, 230); color: rgb(0, 0, 0); font-size: 14px; line-height: 1.6em; border-bottom: 1px solid rgb(183, 183, 183);\">&nbsp;<\/td>\n<\/tr>\n<tr style=\"box-sizing: border-box;\">\n<td style=\"box-sizing: border-box; padding: 1.25em 0.75rem 1.25em 0px; vertical-align: top; border-top: 1px solid rgb(222, 226, 230); color: rgb(0, 0, 0); font-size: 14px; line-height: 1.6em; border-bottom: 1px solid rgb(183, 183, 183);\">ANAL\u00cdTICA<\/td>\n<td style=\"box-sizing: border-box; padding: 1.25em 0.75rem 1.25em 0px; vertical-align: top; border-top: 1px solid rgb(222, 226, 230); color: rgb(0, 0, 0); font-size: 14px; line-height: 1.6em; border-bottom: 1px solid rgb(183, 183, 183);\">_ga<br style=\"box-sizing: border-box;\" \/><br \/>\n\t\t\t_gid<br style=\"box-sizing: border-box;\" \/><br \/>\n\t\t\t_gat<br style=\"box-sizing: border-box;\" \/><br \/>\n\t\t\tcollect<br style=\"box-sizing: border-box;\" \/><br \/>\n\t\t\tgwcc<\/td>\n<td style=\"box-sizing: border-box; padding: 1.25em 0.75rem 1.25em 0px; vertical-align: top; border-top: 1px solid rgb(222, 226, 230); color: rgb(0, 0, 0); font-size: 14px; line-height: 1.6em; border-bottom: 1px solid rgb(183, 183, 183);\">Recopilan, mediante Google Analytics, informaci\u00f3n de la experiencia de navegaci\u00f3n en nuestro sitio web de forma totalmente an\u00f3nima.<\/td>\n<td style=\"box-sizing: border-box; padding: 1.25em 0.75rem 1.25em 0px; vertical-align: top; border-top: 1px solid rgb(222, 226, 230); color: rgb(0, 0, 0); font-size: 14px; line-height: 1.6em; border-bottom: 1px solid rgb(183, 183, 183);\">Podemos saber si el usuario que est\u00e1 accediendo es nuevo o repite visita.&nbsp;Esa informaci\u00f3n puede ayudarnos a mejorar la navegaci\u00f3n y darle un mejor servicio.<\/td>\n<\/tr>\n<\/tbody>\n<\/table>\n<\/div>\n<p style=\"box-sizing: border-box; margin-top: 0px; margin-bottom: 35px; text-align: justify; color: rgb(81, 81, 81); font-family: Montserrat, sans-serif; font-size: 18px;\">El usuario podr\u00e1 -en cualquier momento- elegir qu\u00e9&nbsp;<em style=\"box-sizing: border-box;\">cookies<\/em>&nbsp;quiere que funcionen en este sitio web mediante la configuraci\u00f3n del&nbsp;navegador; por ejemplo:<\/p>\n<ul style=\"box-sizing: border-box; margin-top: 0px; margin-bottom: 35px; padding-right: 0px; padding-left: 25px; list-style: none; color: rgb(33, 37, 41); font-family: Montserrat, sans-serif; font-size: 18px;\">\n<li class=\"text-left\" style=\"box-sizing: border-box; text-align: justify; margin-bottom: 20px; color: rgb(81, 81, 81);\"><span style=\"box-sizing: border-box; font-weight: bolder; color: rgb(0, 0, 0);\">Chrome:<\/span>&nbsp;<a href=\"http:\/\/support.google.com\/chrome\/bin\/answer.py?hl=es&amp;answer=95647\" rel=\"noopener\" style=\"box-sizing: border-box; color: rgb(68, 167, 255); text-decoration-line: none; background-color: transparent; transition: all 0.3s ease 0s; outline: none;\" target=\"_blank\">http:\/\/support.google.com\/chrome\/bin\/answer.py?hl=es&amp;answer=95647<\/a><\/li>\n<li class=\"text-left\" style=\"box-sizing: border-box; text-align: justify; margin-bottom: 20px; color: rgb(81, 81, 81);\"><span style=\"box-sizing: border-box; font-weight: bolder; color: rgb(0, 0, 0);\">Explorer:<\/span>&nbsp;<a href=\"http:\/\/windows.microsoft.com\/es-es\/windows7\/how-to-manage-cookies-in-internet-explorer-9\" rel=\"noopener\" style=\"box-sizing: border-box; color: rgb(68, 167, 255); text-decoration-line: none; background-color: transparent; transition: all 0.3s ease 0s; outline: none;\" target=\"_blank\">http:\/\/windows.microsoft.com\/es-es\/windows7\/how-to-manage-cookies-in-internet-explorer-9<\/a><\/li>\n<li class=\"text-left\" style=\"box-sizing: border-box; text-align: justify; margin-bottom: 20px; color: rgb(81, 81, 81);\"><span style=\"box-sizing: border-box; font-weight: bolder; color: rgb(0, 0, 0);\">Firefox:<\/span>&nbsp;<a href=\"http:\/\/support.mozilla.org\/es\/kb\/habilitar-y-deshabilitar-cookies-que-los-sitios-we\" rel=\"noopener\" style=\"box-sizing: border-box; color: rgb(68, 167, 255); text-decoration-line: none; background-color: transparent; transition: all 0.3s ease 0s; outline: none;\" target=\"_blank\">http:\/\/support.mozilla.org\/es\/kb\/habilitar-y-deshabilitar-cookies-que-los-sitios-we<\/a><\/li>\n<li class=\"text-left\" style=\"box-sizing: border-box; text-align: justify; margin-bottom: 0px; color: rgb(81, 81, 81);\"><span style=\"box-sizing: border-box; font-weight: bolder; color: rgb(0, 0, 0);\">Safari:<\/span>&nbsp;<a href=\"http:\/\/support.apple.com\/kb\/ph5042\" rel=\"noopener\" style=\"box-sizing: border-box; color: rgb(68, 167, 255); text-decoration-line: none; background-color: transparent; transition: all 0.3s ease 0s; outline: none;\" target=\"_blank\">http:\/\/support.apple.com\/kb\/ph5042<\/a><\/li>\n<\/ul>\n<p style=\"box-sizing: border-box; margin-top: 0px; margin-bottom: 0px; text-align: justify; color: rgb(81, 81, 81); font-family: Montserrat, sans-serif; font-size: 18px;\">Es posible que actualicemos la Pol\u00edtica de&nbsp;<em style=\"box-sizing: border-box;\">Cookies<\/em>&nbsp;de nuestro sitio web, por ello te recomendamos revisar esta pol\u00edtica cada vez que accedas a nuestro portal con el objetivo de estar adecuadamente informado sobre c\u00f3mo y para qu\u00e9 usamos las&nbsp;<em style=\"box-sizing: border-box;\">cookies<\/em>.<\/p>\n","protected":false},"excerpt":{"rendered":"<p>Cookie&nbsp;es un fichero que se descarga en tu ordenador al acceder a determinadas p\u00e1ginas web.&nbsp;Las&nbsp;cookies&nbsp;permiten a una p\u00e1gina web, entre otras cosas, almacenar y recuperar informaci\u00f3n sobre los h\u00e1bitos de navegaci\u00f3n de un usuario o del equipo y, dependiendo de la informaci\u00f3n que contengan y de la forma en que utilices tu equipo, pueden emplearse [&hellip;]<\/p>\n","protected":false},"author":1,"featured_media":0,"parent":0,"menu_order":0,"comment_status":"closed","ping_status":"closed","template":"","meta":{"_acf_changed":false,"footnotes":""},"idioma":[],"class_list":["post-7981","page","type-page","status-publish","hentry"],"acf":[],"yoast_head":"<!-- This site is optimized with the Yoast SEO plugin v26.8 - https:\/\/yoast.com\/product\/yoast-seo-wordpress\/ -->\n<title>Cookies - Rinc\u00f3n educativo<\/title>\n<meta name=\"robots\" content=\"index, follow, max-snippet:-1, max-image-preview:large, max-video-preview:-1\" \/>\n<link rel=\"canonical\" href=\"https:\/\/rinconeducativo.org\/es\/cookies\/\" \/>\n<meta property=\"og:locale\" content=\"es_ES\" \/>\n<meta property=\"og:type\" content=\"article\" \/>\n<meta property=\"og:title\" content=\"Cookies - Rinc\u00f3n educativo\" \/>\n<meta property=\"og:description\" content=\"Cookie&nbsp;es un fichero que se descarga en tu ordenador al acceder a determinadas p\u00e1ginas web.&nbsp;Las&nbsp;cookies&nbsp;permiten a una p\u00e1gina web, entre otras cosas, almacenar y recuperar informaci\u00f3n sobre los h\u00e1bitos de navegaci\u00f3n de un usuario o del equipo y, dependiendo de la informaci\u00f3n que contengan y de la forma en que utilices tu equipo, pueden emplearse [&hellip;]\" \/>\n<meta property=\"og:url\" content=\"https:\/\/rinconeducativo.org\/es\/cookies\/\" \/>\n<meta property=\"og:site_name\" content=\"Rinc\u00f3n educativo\" \/>\n<meta name=\"twitter:card\" content=\"summary_large_image\" \/>\n<script type=\"application\/ld+json\" class=\"yoast-schema-graph\">{\"@context\":\"https:\/\/schema.org\",\"@graph\":[{\"@type\":\"WebPage\",\"@id\":\"https:\/\/rinconeducativo.org\/es\/cookies\/\",\"url\":\"https:\/\/rinconeducativo.org\/es\/cookies\/\",\"name\":\"Cookies - Rinc\u00f3n educativo\",\"isPartOf\":{\"@id\":\"https:\/\/rinconeducativo.org\/es\/#website\"},\"datePublished\":\"2018-01-14T22:37:23+00:00\",\"breadcrumb\":{\"@id\":\"https:\/\/rinconeducativo.org\/es\/cookies\/#breadcrumb\"},\"inLanguage\":\"es\",\"potentialAction\":[{\"@type\":\"ReadAction\",\"target\":[\"https:\/\/rinconeducativo.org\/es\/cookies\/\"]}]},{\"@type\":\"BreadcrumbList\",\"@id\":\"https:\/\/rinconeducativo.org\/es\/cookies\/#breadcrumb\",\"itemListElement\":[{\"@type\":\"ListItem\",\"position\":1,\"name\":\"Portada\",\"item\":\"https:\/\/rinconeducativo.org\/es\/\"},{\"@type\":\"ListItem\",\"position\":2,\"name\":\"Cookies\"}]},{\"@type\":\"WebSite\",\"@id\":\"https:\/\/rinconeducativo.org\/es\/#website\",\"url\":\"https:\/\/rinconeducativo.org\/es\/\",\"name\":\"Rinc\u00f3n educativo\",\"description\":\"Un proyecto del Foro Nuclear\",\"potentialAction\":[{\"@type\":\"SearchAction\",\"target\":{\"@type\":\"EntryPoint\",\"urlTemplate\":\"https:\/\/rinconeducativo.org\/es\/?s={search_term_string}\"},\"query-input\":{\"@type\":\"PropertyValueSpecification\",\"valueRequired\":true,\"valueName\":\"search_term_string\"}}],\"inLanguage\":\"es\"}]}<\/script>\n<!-- \/ Yoast SEO plugin. -->","yoast_head_json":{"title":"Cookies - Rinc\u00f3n educativo","robots":{"index":"index","follow":"follow","max-snippet":"max-snippet:-1","max-image-preview":"max-image-preview:large","max-video-preview":"max-video-preview:-1"},"canonical":"https:\/\/rinconeducativo.org\/es\/cookies\/","og_locale":"es_ES","og_type":"article","og_title":"Cookies - Rinc\u00f3n educativo","og_description":"Cookie&nbsp;es un fichero que se descarga en tu ordenador al acceder a determinadas p\u00e1ginas web.&nbsp;Las&nbsp;cookies&nbsp;permiten a una p\u00e1gina web, entre otras cosas, almacenar y recuperar informaci\u00f3n sobre los h\u00e1bitos de navegaci\u00f3n de un usuario o del equipo y, dependiendo de la informaci\u00f3n que contengan y de la forma en que utilices tu equipo, pueden emplearse [&hellip;]","og_url":"https:\/\/rinconeducativo.org\/es\/cookies\/","og_site_name":"Rinc\u00f3n educativo","twitter_card":"summary_large_image","schema":{"@context":"https:\/\/schema.org","@graph":[{"@type":"WebPage","@id":"https:\/\/rinconeducativo.org\/es\/cookies\/","url":"https:\/\/rinconeducativo.org\/es\/cookies\/","name":"Cookies - Rinc\u00f3n educativo","isPartOf":{"@id":"https:\/\/rinconeducativo.org\/es\/#website"},"datePublished":"2018-01-14T22:37:23+00:00","breadcrumb":{"@id":"https:\/\/rinconeducativo.org\/es\/cookies\/#breadcrumb"},"inLanguage":"es","potentialAction":[{"@type":"ReadAction","target":["https:\/\/rinconeducativo.org\/es\/cookies\/"]}]},{"@type":"BreadcrumbList","@id":"https:\/\/rinconeducativo.org\/es\/cookies\/#breadcrumb","itemListElement":[{"@type":"ListItem","position":1,"name":"Portada","item":"https:\/\/rinconeducativo.org\/es\/"},{"@type":"ListItem","position":2,"name":"Cookies"}]},{"@type":"WebSite","@id":"https:\/\/rinconeducativo.org\/es\/#website","url":"https:\/\/rinconeducativo.org\/es\/","name":"Rinc\u00f3n educativo","description":"Un proyecto del Foro Nuclear","potentialAction":[{"@type":"SearchAction","target":{"@type":"EntryPoint","urlTemplate":"https:\/\/rinconeducativo.org\/es\/?s={search_term_string}"},"query-input":{"@type":"PropertyValueSpecification","valueRequired":true,"valueName":"search_term_string"}}],"inLanguage":"es"}]}},"_links":{"self":[{"href":"https:\/\/rinconeducativo.org\/es\/wp-json\/wp\/v2\/pages\/7981","targetHints":{"allow":["GET"]}}],"collection":[{"href":"https:\/\/rinconeducativo.org\/es\/wp-json\/wp\/v2\/pages"}],"about":[{"href":"https:\/\/rinconeducativo.org\/es\/wp-json\/wp\/v2\/types\/page"}],"author":[{"embeddable":true,"href":"https:\/\/rinconeducativo.org\/es\/wp-json\/wp\/v2\/users\/1"}],"replies":[{"embeddable":true,"href":"https:\/\/rinconeducativo.org\/es\/wp-json\/wp\/v2\/comments?post=7981"}],"version-history":[{"count":0,"href":"https:\/\/rinconeducativo.org\/es\/wp-json\/wp\/v2\/pages\/7981\/revisions"}],"wp:attachment":[{"href":"https:\/\/rinconeducativo.org\/es\/wp-json\/wp\/v2\/media?parent=7981"}],"wp:term":[{"taxonomy":"idioma","embeddable":true,"href":"https:\/\/rinconeducativo.org\/es\/wp-json\/wp\/v2\/idioma?post=7981"}],"curies":[{"name":"wp","href":"https:\/\/api.w.org\/{rel}","templated":true}]}}