{"id":7978,"date":"2015-08-30T20:22:47","date_gmt":"2015-08-30T20:22:47","guid":{"rendered":"https:\/\/wp.rinconeducativo.org\/?page_id=7978"},"modified":"2015-08-30T20:22:47","modified_gmt":"2015-08-30T20:22:47","slug":"publicacions","status":"publish","type":"page","link":"https:\/\/rinconeducativo.org\/es\/publicacions\/","title":{"rendered":"Publicaciones"},"content":{"rendered":"<p>Divulgaci\u00f3n de temas energ\u00e9ticos mediante publicaciones especializadas propias. Algunas de ellas est\u00e1n disponibles en formato impreso y otras se pueden descargar \u00fanicamente desde la web. Podr\u00e1s encontrar toda la informaci\u00f3n en la web de <a href=\"http:\/\/www.foronuclear.org\/\">Foro Nuclear<\/a> o a trav\u00e9s del siguiente enlace: <a href=\"https:\/\/www.foronuclear.org\/recursos\/publicaciones\/\">Publicaciones<\/a><\/p>\n","protected":false},"excerpt":{"rendered":"<p>Divulgaci\u00f3n de temas energ\u00e9ticos mediante publicaciones especializadas propias. Algunas de ellas est\u00e1n disponibles en formato impreso y otras se pueden descargar \u00fanicamente desde la web. Podr\u00e1s encontrar toda la informaci\u00f3n en la web de Foro Nuclear o a trav\u00e9s del siguiente enlace: Publicaciones<\/p>\n","protected":false},"author":1,"featured_media":0,"parent":0,"menu_order":0,"comment_status":"closed","ping_status":"closed","template":"","meta":{"_acf_changed":false,"footnotes":""},"idioma":[],"class_list":["post-7978","page","type-page","status-publish","hentry"],"acf":[],"yoast_head":"<!-- This site is optimized with the Yoast SEO plugin v26.8 - https:\/\/yoast.com\/product\/yoast-seo-wordpress\/ -->\n<title>Publicaciones - Rinc\u00f3n educativo<\/title>\n<meta name=\"robots\" content=\"index, follow, max-snippet:-1, max-image-preview:large, max-video-preview:-1\" \/>\n<link rel=\"canonical\" href=\"https:\/\/rinconeducativo.org\/es\/publicacions\/\" \/>\n<meta property=\"og:locale\" content=\"es_ES\" \/>\n<meta property=\"og:type\" content=\"article\" \/>\n<meta property=\"og:title\" content=\"Publicaciones - Rinc\u00f3n educativo\" \/>\n<meta property=\"og:description\" content=\"Divulgaci\u00f3n de temas energ\u00e9ticos mediante publicaciones especializadas propias. Algunas de ellas est\u00e1n disponibles en formato impreso y otras se pueden descargar \u00fanicamente desde la web. Podr\u00e1s encontrar toda la informaci\u00f3n en la web de Foro Nuclear o a trav\u00e9s del siguiente enlace: Publicaciones\" \/>\n<meta property=\"og:url\" content=\"https:\/\/rinconeducativo.org\/es\/publicacions\/\" \/>\n<meta property=\"og:site_name\" content=\"Rinc\u00f3n educativo\" \/>\n<meta name=\"twitter:card\" content=\"summary_large_image\" \/>\n<script type=\"application\/ld+json\" class=\"yoast-schema-graph\">{\"@context\":\"https:\/\/schema.org\",\"@graph\":[{\"@type\":\"WebPage\",\"@id\":\"https:\/\/rinconeducativo.org\/es\/publicacions\/\",\"url\":\"https:\/\/rinconeducativo.org\/es\/publicacions\/\",\"name\":\"Publicaciones - Rinc\u00f3n educativo\",\"isPartOf\":{\"@id\":\"https:\/\/rinconeducativo.org\/es\/#website\"},\"datePublished\":\"2015-08-30T20:22:47+00:00\",\"breadcrumb\":{\"@id\":\"https:\/\/rinconeducativo.org\/es\/publicacions\/#breadcrumb\"},\"inLanguage\":\"es\",\"potentialAction\":[{\"@type\":\"ReadAction\",\"target\":[\"https:\/\/rinconeducativo.org\/es\/publicacions\/\"]}]},{\"@type\":\"BreadcrumbList\",\"@id\":\"https:\/\/rinconeducativo.org\/es\/publicacions\/#breadcrumb\",\"itemListElement\":[{\"@type\":\"ListItem\",\"position\":1,\"name\":\"Portada\",\"item\":\"https:\/\/rinconeducativo.org\/es\/\"},{\"@type\":\"ListItem\",\"position\":2,\"name\":\"Publicaciones\"}]},{\"@type\":\"WebSite\",\"@id\":\"https:\/\/rinconeducativo.org\/es\/#website\",\"url\":\"https:\/\/rinconeducativo.org\/es\/\",\"name\":\"Rinc\u00f3n educativo\",\"description\":\"Un proyecto del Foro Nuclear\",\"potentialAction\":[{\"@type\":\"SearchAction\",\"target\":{\"@type\":\"EntryPoint\",\"urlTemplate\":\"https:\/\/rinconeducativo.org\/es\/?s={search_term_string}\"},\"query-input\":{\"@type\":\"PropertyValueSpecification\",\"valueRequired\":true,\"valueName\":\"search_term_string\"}}],\"inLanguage\":\"es\"}]}<\/script>\n<!-- \/ Yoast SEO plugin. -->","yoast_head_json":{"title":"Publicaciones - Rinc\u00f3n educativo","robots":{"index":"index","follow":"follow","max-snippet":"max-snippet:-1","max-image-preview":"max-image-preview:large","max-video-preview":"max-video-preview:-1"},"canonical":"https:\/\/rinconeducativo.org\/es\/publicacions\/","og_locale":"es_ES","og_type":"article","og_title":"Publicaciones - Rinc\u00f3n educativo","og_description":"Divulgaci\u00f3n de temas energ\u00e9ticos mediante publicaciones especializadas propias. Algunas de ellas est\u00e1n disponibles en formato impreso y otras se pueden descargar \u00fanicamente desde la web. Podr\u00e1s encontrar toda la informaci\u00f3n en la web de Foro Nuclear o a trav\u00e9s del siguiente enlace: Publicaciones","og_url":"https:\/\/rinconeducativo.org\/es\/publicacions\/","og_site_name":"Rinc\u00f3n educativo","twitter_card":"summary_large_image","schema":{"@context":"https:\/\/schema.org","@graph":[{"@type":"WebPage","@id":"https:\/\/rinconeducativo.org\/es\/publicacions\/","url":"https:\/\/rinconeducativo.org\/es\/publicacions\/","name":"Publicaciones - Rinc\u00f3n educativo","isPartOf":{"@id":"https:\/\/rinconeducativo.org\/es\/#website"},"datePublished":"2015-08-30T20:22:47+00:00","breadcrumb":{"@id":"https:\/\/rinconeducativo.org\/es\/publicacions\/#breadcrumb"},"inLanguage":"es","potentialAction":[{"@type":"ReadAction","target":["https:\/\/rinconeducativo.org\/es\/publicacions\/"]}]},{"@type":"BreadcrumbList","@id":"https:\/\/rinconeducativo.org\/es\/publicacions\/#breadcrumb","itemListElement":[{"@type":"ListItem","position":1,"name":"Portada","item":"https:\/\/rinconeducativo.org\/es\/"},{"@type":"ListItem","position":2,"name":"Publicaciones"}]},{"@type":"WebSite","@id":"https:\/\/rinconeducativo.org\/es\/#website","url":"https:\/\/rinconeducativo.org\/es\/","name":"Rinc\u00f3n educativo","description":"Un proyecto del Foro Nuclear","potentialAction":[{"@type":"SearchAction","target":{"@type":"EntryPoint","urlTemplate":"https:\/\/rinconeducativo.org\/es\/?s={search_term_string}"},"query-input":{"@type":"PropertyValueSpecification","valueRequired":true,"valueName":"search_term_string"}}],"inLanguage":"es"}]}},"_links":{"self":[{"href":"https:\/\/rinconeducativo.org\/es\/wp-json\/wp\/v2\/pages\/7978","targetHints":{"allow":["GET"]}}],"collection":[{"href":"https:\/\/rinconeducativo.org\/es\/wp-json\/wp\/v2\/pages"}],"about":[{"href":"https:\/\/rinconeducativo.org\/es\/wp-json\/wp\/v2\/types\/page"}],"author":[{"embeddable":true,"href":"https:\/\/rinconeducativo.org\/es\/wp-json\/wp\/v2\/users\/1"}],"replies":[{"embeddable":true,"href":"https:\/\/rinconeducativo.org\/es\/wp-json\/wp\/v2\/comments?post=7978"}],"version-history":[{"count":0,"href":"https:\/\/rinconeducativo.org\/es\/wp-json\/wp\/v2\/pages\/7978\/revisions"}],"wp:attachment":[{"href":"https:\/\/rinconeducativo.org\/es\/wp-json\/wp\/v2\/media?parent=7978"}],"wp:term":[{"taxonomy":"idioma","embeddable":true,"href":"https:\/\/rinconeducativo.org\/es\/wp-json\/wp\/v2\/idioma?post=7978"}],"curies":[{"name":"wp","href":"https:\/\/api.w.org\/{rel}","templated":true}]}}